{"id":16326,"date":"2023-08-19T12:17:51","date_gmt":"2023-08-19T10:17:51","guid":{"rendered":"https:\/\/lamaisondemiski.com\/?post_type=product&#038;p=16326"},"modified":"2025-06-01T18:51:44","modified_gmt":"2025-06-01T16:51:44","slug":"flan-patissier-20cm","status":"publish","type":"product","link":"https:\/\/lamaisondemiski.com\/index.php\/produit\/flan-patissier-20cm\/","title":{"rendered":"Flan P\u00e2tissier 20cm"},"content":{"rendered":"<p><strong>Flan P\u00e2tissier \u2013 L\u2019authentique douceur fran\u00e7aise<\/strong> D\u00e9couvrez notre flan p\u00e2tissier, une recette traditionnelle qui allie une p\u00e2te croustillante pur beurre \u00e0 une garniture onctueuse et parfum\u00e9e \u00e0 la vanille. Sa texture fondante et son go\u00fbt d\u00e9licatement sucr\u00e9 en font un incontournable des gourmands. Id\u00e9al pour une pause sucr\u00e9e ou un dessert raffin\u00e9, il se d\u00e9guste aussi bien frais que l\u00e9g\u00e8rement ti\u00e8de.<\/p>\n<p>&nbsp;<\/p>\n","protected":false},"excerpt":{"rendered":"<ul>\n<li><strong>Lait entier<\/strong> : Pour une texture riche et cr\u00e9meuse.<\/li>\n<li><strong>\u0152ufs frais<\/strong> : Indispensables pour apporter de l&#8217;onctuosit\u00e9.<\/li>\n<li><strong>Sucre<\/strong> : Pour une touche de douceur \u00e9quilibr\u00e9e.<\/li>\n<li><strong>Ma\u00efzena ou farine<\/strong> : Permet de donner de la structure \u00e0 la cr\u00e8me.<\/li>\n<li><strong>Vanille naturelle<\/strong> : Extrait ou gousse pour une saveur authentique.<\/li>\n<li><strong>Cr\u00e8me liquide<\/strong> : Pour encore plus de fondant et de gourmandise.<\/li>\n<li><strong>P\u00e2te sucr\u00e9e<\/strong> : Base croustillante qui contraste avec la texture fondante du flan.<\/li>\n<\/ul>\n<p>A conserver au frais.<\/p>\n","protected":false},"featured_media":16327,"comment_status":"closed","ping_status":"closed","template":"","meta":[],"product_cat":[29],"product_tag":[],"class_list":["post-16326","product","type-product","status-publish","has-post-thumbnail","hentry","product_cat-tartes-et-entremets"],"_links":{"self":[{"href":"https:\/\/lamaisondemiski.com\/index.php\/wp-json\/wp\/v2\/product\/16326","targetHints":{"allow":["GET"]}}],"collection":[{"href":"https:\/\/lamaisondemiski.com\/index.php\/wp-json\/wp\/v2\/product"}],"about":[{"href":"https:\/\/lamaisondemiski.com\/index.php\/wp-json\/wp\/v2\/types\/product"}],"replies":[{"embeddable":true,"href":"https:\/\/lamaisondemiski.com\/index.php\/wp-json\/wp\/v2\/comments?post=16326"}],"version-history":[{"count":6,"href":"https:\/\/lamaisondemiski.com\/index.php\/wp-json\/wp\/v2\/product\/16326\/revisions"}],"predecessor-version":[{"id":16360,"href":"https:\/\/lamaisondemiski.com\/index.php\/wp-json\/wp\/v2\/product\/16326\/revisions\/16360"}],"wp:featuredmedia":[{"embeddable":true,"href":"https:\/\/lamaisondemiski.com\/index.php\/wp-json\/wp\/v2\/media\/16327"}],"wp:attachment":[{"href":"https:\/\/lamaisondemiski.com\/index.php\/wp-json\/wp\/v2\/media?parent=16326"}],"wp:term":[{"taxonomy":"product_cat","embeddable":true,"href":"https:\/\/lamaisondemiski.com\/index.php\/wp-json\/wp\/v2\/product_cat?post=16326"},{"taxonomy":"product_tag","embeddable":true,"href":"https:\/\/lamaisondemiski.com\/index.php\/wp-json\/wp\/v2\/product_tag?post=16326"}],"curies":[{"name":"wp","href":"https:\/\/api.w.org\/{rel}","templated":true}]}}