{"id":15972,"date":"2023-07-02T12:30:18","date_gmt":"2023-07-02T10:30:18","guid":{"rendered":"https:\/\/lamaisondemiski.com\/?post_type=product&#038;p=15972"},"modified":"2025-06-01T18:41:41","modified_gmt":"2025-06-01T16:41:41","slug":"baklawa","status":"publish","type":"product","link":"https:\/\/lamaisondemiski.com\/index.php\/produit\/baklawa\/","title":{"rendered":"BAKLAWA"},"content":{"rendered":"<p>La baklawa aux amandes alg\u00e9rienne est une p\u00e2tisserie traditionnelle raffin\u00e9e, compos\u00e9e de fines couches de p\u00e2te feuillet\u00e9 beurr\u00e9es, garnies d&#8217;une g\u00e9n\u00e9reuse farce d&#8217;amandes finement moulues, parfum\u00e9es \u00e0 la fleur d&#8217;oranger et cannelle. Une fois cuite \u00e0 la perfection, elle est arros\u00e9e d&#8217;un sirop au miel qui lui conf\u00e8re une douceur irr\u00e9sistible et une texture fondante sous une surface l\u00e9g\u00e8rement croustillante.<\/p>\n<p>Cette sp\u00e9cialit\u00e9, souvent pr\u00e9par\u00e9e lors des grandes occasions comme l&#8217;A\u00efd, est un v\u00e9ritable symbole de convivialit\u00e9 et de gourmandise en Alg\u00e9rie. Chaque bouch\u00e9e r\u00e9v\u00e8le un \u00e9quilibre parfait entre le croquant de la p\u00e2te et le moelleux des amandes impr\u00e9gn\u00e9es de miel.<\/p>\n","protected":false},"excerpt":{"rendered":"<p><strong><span style=\"color: #000000;\">Les ingr\u00e9dients :<\/span><\/strong><\/p>\n<ul>\n<li style=\"font-weight: 400;\" aria-level=\"1\"><span style=\"font-weight: 400; color: #000000;\">P\u00e2te Feuillet\u00e9 (fait maison)<\/span><\/li>\n<li style=\"font-weight: 400;\" aria-level=\"1\"><span style=\"font-weight: 400; color: #000000;\">Farce amande<\/span><\/li>\n<li style=\"font-weight: 400;\" aria-level=\"1\"><span style=\"font-weight: 400; color: #000000;\">Miel<\/span><\/li>\n<\/ul>\n<p><span style=\"font-weight: 400; color: #000000;\">\u00a0<\/span><strong><span style=\"color: #000000;\">Allerg\u00e8ne :<\/span><\/strong><\/p>\n<p><span style=\"font-weight: 400; color: #000000;\">Pr\u00e9sence de gluten, lactose et fruits \u00e0 coque.<\/span><\/p>\n<p><span style=\"font-weight: 400; color: #000000;\">\u00a0<\/span><strong><span style=\"color: #000000;\">Conservation :<\/span><\/strong><\/p>\n<p><span style=\"font-weight: 400; color: #000000;\">A conserver dans une bo\u00eete herm\u00e9tique, \u00e0 l\u2019abri de la chaleur et de l\u2019humidit\u00e9.<\/span><\/p>\n<p><span style=\"color: #000000;\"><span style=\"font-weight: 400;\">\u00a0<\/span><span style=\"font-weight: 400;\">Possibilit\u00e9 forme traditionnelle losange.<\/span><\/span><\/p>\n","protected":false},"featured_media":16063,"comment_status":"closed","ping_status":"closed","template":"","meta":[],"product_cat":[72],"product_tag":[],"class_list":["post-15972","product","type-product","status-publish","has-post-thumbnail","hentry","product_cat-gateaux-algeriens"],"_links":{"self":[{"href":"https:\/\/lamaisondemiski.com\/index.php\/wp-json\/wp\/v2\/product\/15972","targetHints":{"allow":["GET"]}}],"collection":[{"href":"https:\/\/lamaisondemiski.com\/index.php\/wp-json\/wp\/v2\/product"}],"about":[{"href":"https:\/\/lamaisondemiski.com\/index.php\/wp-json\/wp\/v2\/types\/product"}],"replies":[{"embeddable":true,"href":"https:\/\/lamaisondemiski.com\/index.php\/wp-json\/wp\/v2\/comments?post=15972"}],"version-history":[{"count":5,"href":"https:\/\/lamaisondemiski.com\/index.php\/wp-json\/wp\/v2\/product\/15972\/revisions"}],"predecessor-version":[{"id":16359,"href":"https:\/\/lamaisondemiski.com\/index.php\/wp-json\/wp\/v2\/product\/15972\/revisions\/16359"}],"wp:featuredmedia":[{"embeddable":true,"href":"https:\/\/lamaisondemiski.com\/index.php\/wp-json\/wp\/v2\/media\/16063"}],"wp:attachment":[{"href":"https:\/\/lamaisondemiski.com\/index.php\/wp-json\/wp\/v2\/media?parent=15972"}],"wp:term":[{"taxonomy":"product_cat","embeddable":true,"href":"https:\/\/lamaisondemiski.com\/index.php\/wp-json\/wp\/v2\/product_cat?post=15972"},{"taxonomy":"product_tag","embeddable":true,"href":"https:\/\/lamaisondemiski.com\/index.php\/wp-json\/wp\/v2\/product_tag?post=15972"}],"curies":[{"name":"wp","href":"https:\/\/api.w.org\/{rel}","templated":true}]}}